{"id":98,"date":"2020-04-03T11:35:06","date_gmt":"2020-04-03T09:35:06","guid":{"rendered":"https:\/\/haarschneiderfranz.at\/shop\/?post_type=product&#038;p=98"},"modified":"2026-03-31T17:47:39","modified_gmt":"2026-03-31T15:47:39","slug":"mallowsmooth-conditioner","status":"publish","type":"product","link":"https:\/\/haarschneiderfranz.at\/shop\/produkt\/mallowsmooth-conditioner\/","title":{"rendered":"MALLOWSMOOTH CONDITIONER"},"content":{"rendered":"","protected":false},"excerpt":{"rendered":"<p>intensive Feuchtigkeit \u2022 Geschmeidigkeit \u2022 n\u00e4hrend \u2022 f\u00fcr trockenes, dickes &amp; br\u00fcchiges Haar<\/p>\n<p>Bio-aktiver, n\u00e4hrender Pflegekomplex der speziell trockenes, dickes &amp; br\u00fcchiges Haar wunderbar weich und geschmeidig pflegt, die Haarstruktur gl\u00e4ttet, intensiv mit Feuchtigkeit versorgt und die K\u00e4mmbarkeit verbessert.<\/p>\n<p><em>* aus kontrolliert biologischem Anbau ** hergestellt mit biologischen Zutaten + fair trade<\/em><\/p>\n","protected":false},"featured_media":700,"template":"","meta":{"spay_email":""},"product_brand":[],"product_cat":[51],"product_tag":[45],"class_list":{"0":"post-98","1":"product","2":"type-product","3":"status-publish","4":"has-post-thumbnail","6":"product_cat-pflege","7":"product_tag-haircare","8":"pa_brand-less-is-more","10":"first","11":"instock","12":"taxable","13":"shipping-taxable","14":"purchasable","15":"product-type-simple"},"_links":{"self":[{"href":"https:\/\/haarschneiderfranz.at\/shop\/wp-json\/wp\/v2\/product\/98","targetHints":{"allow":["GET"]}}],"collection":[{"href":"https:\/\/haarschneiderfranz.at\/shop\/wp-json\/wp\/v2\/product"}],"about":[{"href":"https:\/\/haarschneiderfranz.at\/shop\/wp-json\/wp\/v2\/types\/product"}],"wp:featuredmedia":[{"embeddable":true,"href":"https:\/\/haarschneiderfranz.at\/shop\/wp-json\/wp\/v2\/media\/700"}],"wp:attachment":[{"href":"https:\/\/haarschneiderfranz.at\/shop\/wp-json\/wp\/v2\/media?parent=98"}],"wp:term":[{"taxonomy":"product_brand","embeddable":true,"href":"https:\/\/haarschneiderfranz.at\/shop\/wp-json\/wp\/v2\/product_brand?post=98"},{"taxonomy":"product_cat","embeddable":true,"href":"https:\/\/haarschneiderfranz.at\/shop\/wp-json\/wp\/v2\/product_cat?post=98"},{"taxonomy":"product_tag","embeddable":true,"href":"https:\/\/haarschneiderfranz.at\/shop\/wp-json\/wp\/v2\/product_tag?post=98"}],"curies":[{"name":"wp","href":"https:\/\/api.w.org\/{rel}","templated":true}]}}