{"id":87,"date":"2020-04-03T10:41:20","date_gmt":"2020-04-03T08:41:20","guid":{"rendered":"https:\/\/haarschneiderfranz.at\/shop\/?post_type=product&#038;p=87"},"modified":"2026-03-31T17:46:35","modified_gmt":"2026-03-31T15:46:35","slug":"lindengloss-shampoo","status":"publish","type":"product","link":"https:\/\/haarschneiderfranz.at\/shop\/produkt\/lindengloss-shampoo\/","title":{"rendered":"LINDENGLOSS SHAMPOO"},"content":{"rendered":"","protected":false},"excerpt":{"rendered":"<p>Repair \u2022 Glanz \u2022 Farbschutz \u2022 f\u00fcr blondiertes, gef\u00e4rbtes &amp; strukturgesch\u00e4digtes Haar<\/p>\n<p>Milde Formulierung, die gef\u00e4rbtem und strukturgesch\u00e4digtem Haar wieder Glanz und Lebendigkeit verleiht, sowie vor Ausbleichen und Austrocknen sch\u00fctzt.<\/p>\n","protected":false},"featured_media":665,"template":"","meta":{"spay_email":""},"product_brand":[],"product_cat":[50],"product_tag":[45],"class_list":{"0":"post-87","1":"product","2":"type-product","3":"status-publish","4":"has-post-thumbnail","6":"product_cat-shampoo","7":"product_tag-haircare","8":"pa_brand-less-is-more","10":"first","11":"instock","12":"taxable","13":"shipping-taxable","14":"purchasable","15":"product-type-simple"},"_links":{"self":[{"href":"https:\/\/haarschneiderfranz.at\/shop\/wp-json\/wp\/v2\/product\/87","targetHints":{"allow":["GET"]}}],"collection":[{"href":"https:\/\/haarschneiderfranz.at\/shop\/wp-json\/wp\/v2\/product"}],"about":[{"href":"https:\/\/haarschneiderfranz.at\/shop\/wp-json\/wp\/v2\/types\/product"}],"wp:featuredmedia":[{"embeddable":true,"href":"https:\/\/haarschneiderfranz.at\/shop\/wp-json\/wp\/v2\/media\/665"}],"wp:attachment":[{"href":"https:\/\/haarschneiderfranz.at\/shop\/wp-json\/wp\/v2\/media?parent=87"}],"wp:term":[{"taxonomy":"product_brand","embeddable":true,"href":"https:\/\/haarschneiderfranz.at\/shop\/wp-json\/wp\/v2\/product_brand?post=87"},{"taxonomy":"product_cat","embeddable":true,"href":"https:\/\/haarschneiderfranz.at\/shop\/wp-json\/wp\/v2\/product_cat?post=87"},{"taxonomy":"product_tag","embeddable":true,"href":"https:\/\/haarschneiderfranz.at\/shop\/wp-json\/wp\/v2\/product_tag?post=87"}],"curies":[{"name":"wp","href":"https:\/\/api.w.org\/{rel}","templated":true}]}}