{"id":72,"date":"2020-04-03T10:06:25","date_gmt":"2020-04-03T08:06:25","guid":{"rendered":"https:\/\/haarschneiderfranz.at\/shop\/?post_type=product&#038;p=72"},"modified":"2026-03-31T17:42:39","modified_gmt":"2026-03-31T15:42:39","slug":"flower-whip","status":"publish","type":"product","link":"https:\/\/haarschneiderfranz.at\/shop\/produkt\/flower-whip\/","title":{"rendered":"FLOWER WHIP"},"content":{"rendered":"","protected":false},"excerpt":{"rendered":"<p>Styling-Finish \u2022 Locken \u2022 normales-dickes Haar<\/p>\n<p>Pflegende Stylingcreme f\u00fcr wundersch\u00f6n geb\u00fcndelte Locken und einfaches Texturieren und Definieren. Verleiht attraktiven Glanz und Sprungkraft.<\/p>\n<p><strong>ANWENDUNG<br \/>\n<\/strong>In\u00b4s feuchte Haar einarbeiten, mit Diffusor trocknen f\u00fcr sch\u00f6n geb\u00fcndelte Locken, oder ins trockene Haar zur Definition<\/p>\n","protected":false},"featured_media":684,"template":"","meta":{"spay_email":""},"product_brand":[],"product_cat":[52],"product_tag":[],"class_list":{"0":"post-72","1":"product","2":"type-product","3":"status-publish","4":"has-post-thumbnail","6":"product_cat-styling","7":"pa_brand-less-is-more","9":"first","10":"outofstock","11":"taxable","12":"shipping-taxable","13":"purchasable","14":"product-type-simple"},"_links":{"self":[{"href":"https:\/\/haarschneiderfranz.at\/shop\/wp-json\/wp\/v2\/product\/72","targetHints":{"allow":["GET"]}}],"collection":[{"href":"https:\/\/haarschneiderfranz.at\/shop\/wp-json\/wp\/v2\/product"}],"about":[{"href":"https:\/\/haarschneiderfranz.at\/shop\/wp-json\/wp\/v2\/types\/product"}],"wp:featuredmedia":[{"embeddable":true,"href":"https:\/\/haarschneiderfranz.at\/shop\/wp-json\/wp\/v2\/media\/684"}],"wp:attachment":[{"href":"https:\/\/haarschneiderfranz.at\/shop\/wp-json\/wp\/v2\/media?parent=72"}],"wp:term":[{"taxonomy":"product_brand","embeddable":true,"href":"https:\/\/haarschneiderfranz.at\/shop\/wp-json\/wp\/v2\/product_brand?post=72"},{"taxonomy":"product_cat","embeddable":true,"href":"https:\/\/haarschneiderfranz.at\/shop\/wp-json\/wp\/v2\/product_cat?post=72"},{"taxonomy":"product_tag","embeddable":true,"href":"https:\/\/haarschneiderfranz.at\/shop\/wp-json\/wp\/v2\/product_tag?post=72"}],"curies":[{"name":"wp","href":"https:\/\/api.w.org\/{rel}","templated":true}]}}