{"id":70,"date":"2020-04-03T10:03:01","date_gmt":"2020-04-03T08:03:01","guid":{"rendered":"https:\/\/haarschneiderfranz.at\/shop\/?post_type=product&#038;p=70"},"modified":"2026-03-31T17:42:14","modified_gmt":"2026-03-31T15:42:14","slug":"elderflower-salt-spray","status":"publish","type":"product","link":"https:\/\/haarschneiderfranz.at\/shop\/produkt\/elderflower-salt-spray\/","title":{"rendered":"ELDERFLOWER SALT SPRAY"},"content":{"rendered":"","protected":false},"excerpt":{"rendered":"<p>Styling-Finish \u2022 Strandlook \u2022 alle Haartypen<\/p>\n<p>Texturierendes &amp; feuchtigkeitsspendendes Salzspray f\u00fcr zerzauste Strand-Wellen, Struktur &amp; sanften Halt, nonchalantes Volumen &amp; Griffigkeit mit mattem Finish. Ideale Vorbereitung f\u00fcr Hochsteck- und Flechtfrisuren, besonders f\u00fcr feine und glatte Haare. Farbschutz.<\/p>\n<p><strong>ANWENDUNG<br \/>\n<\/strong>STRAND-WELLEN: f\u00fcr einen zerzaust welligen Strand-Look gro\u00dfz\u00fcgig ins feuchte oder trockene Haar spr\u00fchen, mit den Fingern einkneten &amp; stylen. Lufttrocknen oder f\u00f6hnen.<br \/>\nVOLUMEN &amp; TROCKENE TEXTUR: auf Haaransatz &amp; Finger spr\u00fchen &amp; in einzelne Haarpartien f\u00fcr zus\u00e4tzliche Definition einarbeiten.<\/p>\n","protected":false},"featured_media":686,"template":"","meta":{"spay_email":""},"product_brand":[],"product_cat":[52],"product_tag":[],"class_list":{"0":"post-70","1":"product","2":"type-product","3":"status-publish","4":"has-post-thumbnail","6":"product_cat-styling","7":"pa_brand-less-is-more","9":"first","10":"outofstock","11":"taxable","12":"shipping-taxable","13":"purchasable","14":"product-type-simple"},"_links":{"self":[{"href":"https:\/\/haarschneiderfranz.at\/shop\/wp-json\/wp\/v2\/product\/70","targetHints":{"allow":["GET"]}}],"collection":[{"href":"https:\/\/haarschneiderfranz.at\/shop\/wp-json\/wp\/v2\/product"}],"about":[{"href":"https:\/\/haarschneiderfranz.at\/shop\/wp-json\/wp\/v2\/types\/product"}],"wp:featuredmedia":[{"embeddable":true,"href":"https:\/\/haarschneiderfranz.at\/shop\/wp-json\/wp\/v2\/media\/686"}],"wp:attachment":[{"href":"https:\/\/haarschneiderfranz.at\/shop\/wp-json\/wp\/v2\/media?parent=70"}],"wp:term":[{"taxonomy":"product_brand","embeddable":true,"href":"https:\/\/haarschneiderfranz.at\/shop\/wp-json\/wp\/v2\/product_brand?post=70"},{"taxonomy":"product_cat","embeddable":true,"href":"https:\/\/haarschneiderfranz.at\/shop\/wp-json\/wp\/v2\/product_cat?post=70"},{"taxonomy":"product_tag","embeddable":true,"href":"https:\/\/haarschneiderfranz.at\/shop\/wp-json\/wp\/v2\/product_tag?post=70"}],"curies":[{"name":"wp","href":"https:\/\/api.w.org\/{rel}","templated":true}]}}