{"id":68,"date":"2020-04-03T09:59:45","date_gmt":"2020-04-03T07:59:45","guid":{"rendered":"https:\/\/haarschneiderfranz.at\/shop\/?post_type=product&#038;p=68"},"modified":"2026-03-31T17:41:56","modified_gmt":"2026-03-31T15:41:56","slug":"earl-grey-blow-dry-spray","status":"publish","type":"product","link":"https:\/\/haarschneiderfranz.at\/shop\/produkt\/earl-grey-blow-dry-spray\/","title":{"rendered":"EARL GREY BLOW-DRY SPRAY"},"content":{"rendered":"","protected":false},"excerpt":{"rendered":"<p>Styling \u2022 Hitze-aktiviert \u2022 feines-normales Haar<\/p>\n<p>F\u00f6hnlotion, die speziell feinem-normalem Haar nat\u00fcrliches Volumen, leichten Halt &amp; Glanz schenkt, das Haar wird beim F\u00f6hnen gesch\u00fctzt, die Haarstruktur gekr\u00e4ftigt.<\/p>\n<p><strong>ANWENDUNG<br \/>\n<\/strong>Vor dem F\u00f6hnen gleichm\u00e4ssig auf feuchtes Haar spr\u00fchen.<\/p>\n","protected":false},"featured_media":688,"template":"","meta":{"spay_email":""},"product_brand":[],"product_cat":[52],"product_tag":[],"class_list":{"0":"post-68","1":"product","2":"type-product","3":"status-publish","4":"has-post-thumbnail","6":"product_cat-styling","7":"pa_brand-less-is-more","9":"first","10":"outofstock","11":"taxable","12":"shipping-taxable","13":"purchasable","14":"product-type-simple"},"_links":{"self":[{"href":"https:\/\/haarschneiderfranz.at\/shop\/wp-json\/wp\/v2\/product\/68","targetHints":{"allow":["GET"]}}],"collection":[{"href":"https:\/\/haarschneiderfranz.at\/shop\/wp-json\/wp\/v2\/product"}],"about":[{"href":"https:\/\/haarschneiderfranz.at\/shop\/wp-json\/wp\/v2\/types\/product"}],"wp:featuredmedia":[{"embeddable":true,"href":"https:\/\/haarschneiderfranz.at\/shop\/wp-json\/wp\/v2\/media\/688"}],"wp:attachment":[{"href":"https:\/\/haarschneiderfranz.at\/shop\/wp-json\/wp\/v2\/media?parent=68"}],"wp:term":[{"taxonomy":"product_brand","embeddable":true,"href":"https:\/\/haarschneiderfranz.at\/shop\/wp-json\/wp\/v2\/product_brand?post=68"},{"taxonomy":"product_cat","embeddable":true,"href":"https:\/\/haarschneiderfranz.at\/shop\/wp-json\/wp\/v2\/product_cat?post=68"},{"taxonomy":"product_tag","embeddable":true,"href":"https:\/\/haarschneiderfranz.at\/shop\/wp-json\/wp\/v2\/product_tag?post=68"}],"curies":[{"name":"wp","href":"https:\/\/api.w.org\/{rel}","templated":true}]}}