{"id":66,"date":"2020-04-03T09:55:38","date_gmt":"2020-04-03T07:55:38","guid":{"rendered":"https:\/\/haarschneiderfranz.at\/shop\/?post_type=product&#038;p=66"},"modified":"2026-03-31T17:39:38","modified_gmt":"2026-03-31T15:39:38","slug":"angelroot-volume-spray","status":"publish","type":"product","link":"https:\/\/haarschneiderfranz.at\/shop\/produkt\/angelroot-volume-spray\/","title":{"rendered":"ANGELROOT VOLUME SPRAY"},"content":{"rendered":"","protected":false},"excerpt":{"rendered":"<p>Styling \u2022 Hitze-aktiviert \u2022 alle Haartypen<\/p>\n<p>Der F\u00f6hnfestiger und Ansatz-Booster schenkt maximales Volumen ohne zu beschweren. Verleiht Kraft und F\u00fclle und sorgt f\u00fcr gesunden Glanz.<\/p>\n<p><strong>ANWENDUNG<\/strong><br \/>\nVor dem F\u00f6hnen gleichma\u00dfig auf den Ansatz in das handtuchtrockene Haar spr\u00fchen. Dann die Haarwurzeln durch B\u00fcrsten bewegen und trocken f\u00f6hnen. Der Ansatz-Booster wird erst mit der F\u00f6hnhitze aktiviert. Je nach Haarl\u00e4nge und -dicke dosieren. Als Festiger f\u00fcr Form und Definition ANGELROOT VOLUME SPRAY ins feuchte oder trockene Haar einarbeiten.<\/p>\n","protected":false},"featured_media":690,"template":"","meta":{"spay_email":""},"product_brand":[],"product_cat":[52],"product_tag":[],"class_list":{"0":"post-66","1":"product","2":"type-product","3":"status-publish","4":"has-post-thumbnail","6":"product_cat-styling","7":"pa_brand-less-is-more","9":"first","10":"outofstock","11":"taxable","12":"shipping-taxable","13":"purchasable","14":"product-type-simple"},"_links":{"self":[{"href":"https:\/\/haarschneiderfranz.at\/shop\/wp-json\/wp\/v2\/product\/66","targetHints":{"allow":["GET"]}}],"collection":[{"href":"https:\/\/haarschneiderfranz.at\/shop\/wp-json\/wp\/v2\/product"}],"about":[{"href":"https:\/\/haarschneiderfranz.at\/shop\/wp-json\/wp\/v2\/types\/product"}],"wp:featuredmedia":[{"embeddable":true,"href":"https:\/\/haarschneiderfranz.at\/shop\/wp-json\/wp\/v2\/media\/690"}],"wp:attachment":[{"href":"https:\/\/haarschneiderfranz.at\/shop\/wp-json\/wp\/v2\/media?parent=66"}],"wp:term":[{"taxonomy":"product_brand","embeddable":true,"href":"https:\/\/haarschneiderfranz.at\/shop\/wp-json\/wp\/v2\/product_brand?post=66"},{"taxonomy":"product_cat","embeddable":true,"href":"https:\/\/haarschneiderfranz.at\/shop\/wp-json\/wp\/v2\/product_cat?post=66"},{"taxonomy":"product_tag","embeddable":true,"href":"https:\/\/haarschneiderfranz.at\/shop\/wp-json\/wp\/v2\/product_tag?post=66"}],"curies":[{"name":"wp","href":"https:\/\/api.w.org\/{rel}","templated":true}]}}