{"id":635,"date":"2021-11-29T10:41:42","date_gmt":"2021-11-29T09:41:42","guid":{"rendered":"https:\/\/haarschneiderfranz.at\/shop\/?post_type=product&#038;p=635"},"modified":"2024-09-06T17:52:35","modified_gmt":"2024-09-06T15:52:35","slug":"achselkuss-kokos","status":"publish","type":"product","link":"https:\/\/haarschneiderfranz.at\/shop\/produkt\/achselkuss-kokos\/","title":{"rendered":"ACHSELKUSS KOKOS"},"content":{"rendered":"","protected":false},"excerpt":{"rendered":"<p>Das Naturdeo von Achselkuss in der Sorte Kokos. Kokos\u00f6l aus kontrolliert, biologischem Anbau sorgen f\u00fcr einen reinen Duft nach Koksnuss. Die Deos von Achselkuss erfreuen sich gro\u00dfer Beliebtheit. Vegan, zuverl\u00e4ssig und ohne sch\u00e4dliche Inhaltsstoffe. Auch f\u00fcr trockene H\u00e4nde geeignet.<\/p>\n<ul>\n<li>Kokosbusserl- Duft<\/li>\n<li>Ohne synthetische Duft- und Konservierungsstoffe<\/li>\n<li>Frei von Aluminiumsalzen und anderen sch\u00e4dlichen Stoffen<\/li>\n<li>Vegan und tierversuchsfrei<\/li>\n<li>In \u00d6sterreich produziert<\/li>\n<\/ul>\n<p>Die Deocreme hinterl\u00e4sst weder wei\u00dfe noch fettige Flecken und h\u00e4lt den ganzen Tag geruchsfrei. Ohne Wachse und H\u00e4rter (WOW!) \u2013 in den Sommermonaten empfiehlt sich daher die Aufbewahrung im K\u00fchlschrank.<\/p>\n","protected":false},"featured_media":636,"template":"","meta":{"spay_email":""},"product_brand":[],"product_cat":[56],"product_tag":[],"class_list":{"0":"post-635","1":"product","2":"type-product","3":"status-publish","4":"has-post-thumbnail","6":"product_cat-bodycare","7":"pa_brand-achselkuss","9":"first","10":"instock","11":"taxable","12":"shipping-taxable","13":"purchasable","14":"product-type-simple"},"_links":{"self":[{"href":"https:\/\/haarschneiderfranz.at\/shop\/wp-json\/wp\/v2\/product\/635","targetHints":{"allow":["GET"]}}],"collection":[{"href":"https:\/\/haarschneiderfranz.at\/shop\/wp-json\/wp\/v2\/product"}],"about":[{"href":"https:\/\/haarschneiderfranz.at\/shop\/wp-json\/wp\/v2\/types\/product"}],"wp:featuredmedia":[{"embeddable":true,"href":"https:\/\/haarschneiderfranz.at\/shop\/wp-json\/wp\/v2\/media\/636"}],"wp:attachment":[{"href":"https:\/\/haarschneiderfranz.at\/shop\/wp-json\/wp\/v2\/media?parent=635"}],"wp:term":[{"taxonomy":"product_brand","embeddable":true,"href":"https:\/\/haarschneiderfranz.at\/shop\/wp-json\/wp\/v2\/product_brand?post=635"},{"taxonomy":"product_cat","embeddable":true,"href":"https:\/\/haarschneiderfranz.at\/shop\/wp-json\/wp\/v2\/product_cat?post=635"},{"taxonomy":"product_tag","embeddable":true,"href":"https:\/\/haarschneiderfranz.at\/shop\/wp-json\/wp\/v2\/product_tag?post=635"}],"curies":[{"name":"wp","href":"https:\/\/api.w.org\/{rel}","templated":true}]}}