{"id":633,"date":"2021-11-29T10:39:03","date_gmt":"2021-11-29T09:39:03","guid":{"rendered":"https:\/\/haarschneiderfranz.at\/shop\/?post_type=product&#038;p=633"},"modified":"2022-06-29T10:15:50","modified_gmt":"2022-06-29T08:15:50","slug":"shampoo-bar-box","status":"publish","type":"product","link":"https:\/\/haarschneiderfranz.at\/shop\/produkt\/shampoo-bar-box\/","title":{"rendered":"SHAMPOO BAR BOX"},"content":{"rendered":"","protected":false},"excerpt":{"rendered":"<div class=\"product-short-description\">\n<p>Die\u00a0<strong>Davines Shampoo Bar Box<\/strong> ist eine parktische Aufbewahrungsbox f\u00fcr die Davines feste Shampoo Bars. Die Aluminium-Box sch\u00fctzt das Shampoo und macht es l\u00e4nger haltbar.<\/p>\n<\/div>\n","protected":false},"featured_media":634,"template":"","meta":{"spay_email":""},"product_brand":[],"product_cat":[50],"product_tag":[],"class_list":{"0":"post-633","1":"product","2":"type-product","3":"status-publish","4":"has-post-thumbnail","6":"product_cat-shampoo","7":"pa_brand-davines","9":"first","10":"outofstock","11":"taxable","12":"shipping-taxable","13":"purchasable","14":"product-type-simple"},"_links":{"self":[{"href":"https:\/\/haarschneiderfranz.at\/shop\/wp-json\/wp\/v2\/product\/633","targetHints":{"allow":["GET"]}}],"collection":[{"href":"https:\/\/haarschneiderfranz.at\/shop\/wp-json\/wp\/v2\/product"}],"about":[{"href":"https:\/\/haarschneiderfranz.at\/shop\/wp-json\/wp\/v2\/types\/product"}],"wp:featuredmedia":[{"embeddable":true,"href":"https:\/\/haarschneiderfranz.at\/shop\/wp-json\/wp\/v2\/media\/634"}],"wp:attachment":[{"href":"https:\/\/haarschneiderfranz.at\/shop\/wp-json\/wp\/v2\/media?parent=633"}],"wp:term":[{"taxonomy":"product_brand","embeddable":true,"href":"https:\/\/haarschneiderfranz.at\/shop\/wp-json\/wp\/v2\/product_brand?post=633"},{"taxonomy":"product_cat","embeddable":true,"href":"https:\/\/haarschneiderfranz.at\/shop\/wp-json\/wp\/v2\/product_cat?post=633"},{"taxonomy":"product_tag","embeddable":true,"href":"https:\/\/haarschneiderfranz.at\/shop\/wp-json\/wp\/v2\/product_tag?post=633"}],"curies":[{"name":"wp","href":"https:\/\/api.w.org\/{rel}","templated":true}]}}