{"id":286,"date":"2020-04-07T09:55:27","date_gmt":"2020-04-07T07:55:27","guid":{"rendered":"https:\/\/haarschneiderfranz.at\/shop\/?post_type=product&#038;p=286"},"modified":"2024-09-06T17:51:47","modified_gmt":"2024-09-06T15:51:47","slug":"achselkuss-bergamottminze","status":"publish","type":"product","link":"https:\/\/haarschneiderfranz.at\/shop\/produkt\/achselkuss-bergamottminze\/","title":{"rendered":"ACHSELKUSS BERGAMOTTMINZE"},"content":{"rendered":"","protected":false},"excerpt":{"rendered":"<p>Hochwirksame Deocreme mit dem beruhigenden Duft von \u00e4therischen \u00d6len. Sch\u00fctzt zuverl\u00e4ssig und sanft vor Geruchsbildung.<\/p>\n<ul>\n<li>Ohne synthetische Duft- und Konservierungsstoffe<\/li>\n<li>Frei von Aluminiumsalzen und anderen sch\u00e4dlichen Stoffen<\/li>\n<li>Vegan und tierversuchsfrei<\/li>\n<li>In \u00d6sterreich produziert<\/li>\n<\/ul>\n<p>Die Deocreme hinterl\u00e4sst weder wei\u00dfe noch fettige Flecken und h\u00e4llt den ganzen Tag geruchsfrei. Ohne Wachse und H\u00e4rter (WOW!) &#8211; in den Sommermonaten empfiehlt sich daher die Aufbewahrung im K\u00fchlschrank. Alle Sorten sind sowohl f\u00fcr Frauen als auch f\u00fcr M\u00e4nner geeignet.<\/p>\n","protected":false},"featured_media":287,"template":"","meta":{"spay_email":""},"product_brand":[],"product_cat":[56],"product_tag":[],"class_list":{"0":"post-286","1":"product","2":"type-product","3":"status-publish","4":"has-post-thumbnail","6":"product_cat-bodycare","7":"pa_brand-achselkuss","9":"first","10":"instock","11":"taxable","12":"shipping-taxable","13":"purchasable","14":"product-type-simple"},"_links":{"self":[{"href":"https:\/\/haarschneiderfranz.at\/shop\/wp-json\/wp\/v2\/product\/286","targetHints":{"allow":["GET"]}}],"collection":[{"href":"https:\/\/haarschneiderfranz.at\/shop\/wp-json\/wp\/v2\/product"}],"about":[{"href":"https:\/\/haarschneiderfranz.at\/shop\/wp-json\/wp\/v2\/types\/product"}],"wp:featuredmedia":[{"embeddable":true,"href":"https:\/\/haarschneiderfranz.at\/shop\/wp-json\/wp\/v2\/media\/287"}],"wp:attachment":[{"href":"https:\/\/haarschneiderfranz.at\/shop\/wp-json\/wp\/v2\/media?parent=286"}],"wp:term":[{"taxonomy":"product_brand","embeddable":true,"href":"https:\/\/haarschneiderfranz.at\/shop\/wp-json\/wp\/v2\/product_brand?post=286"},{"taxonomy":"product_cat","embeddable":true,"href":"https:\/\/haarschneiderfranz.at\/shop\/wp-json\/wp\/v2\/product_cat?post=286"},{"taxonomy":"product_tag","embeddable":true,"href":"https:\/\/haarschneiderfranz.at\/shop\/wp-json\/wp\/v2\/product_tag?post=286"}],"curies":[{"name":"wp","href":"https:\/\/api.w.org\/{rel}","templated":true}]}}