{"id":262,"date":"2020-04-06T15:02:25","date_gmt":"2020-04-06T13:02:25","guid":{"rendered":"https:\/\/haarschneiderfranz.at\/shop\/?post_type=product&#038;p=262"},"modified":"2021-11-11T08:06:14","modified_gmt":"2021-11-11T07:06:14","slug":"gutschein-100-euro","status":"publish","type":"product","link":"https:\/\/haarschneiderfranz.at\/shop\/produkt\/gutschein-100-euro\/","title":{"rendered":"GUTSCHEIN 100,- EURO"},"content":{"rendered":"","protected":false},"excerpt":{"rendered":"<p>Unser GUTSCHEIN, ein Klassiker unter den Geschenken. Online um \u20ac50\/\u20ac100\/\u20ac150\/\u20ac200 erh\u00e4ltlich.<\/p>\n<p>Falls du dir einen anderen Betrag oder eine Leistung w\u00fcnschst, kannst du diese(n) gerne direkt bei uns im Salon bekommen.<\/p>\n<p><span style=\"color: #d77070;\">Achtung: Dieser Gutschein ist nur in unserem Salon in der Herrenstra\u00dfe, nicht aber im M\u00e4nnersalon g\u00fcltig.<\/span><\/p>\n","protected":false},"featured_media":263,"template":"","meta":{"spay_email":""},"product_brand":[],"product_cat":[53],"product_tag":[],"class_list":{"0":"post-262","1":"product","2":"type-product","3":"status-publish","4":"has-post-thumbnail","6":"product_cat-gutschein","7":"pa_brand-franz","9":"first","10":"instock","11":"taxable","12":"shipping-taxable","13":"purchasable","14":"product-type-simple"},"_links":{"self":[{"href":"https:\/\/haarschneiderfranz.at\/shop\/wp-json\/wp\/v2\/product\/262","targetHints":{"allow":["GET"]}}],"collection":[{"href":"https:\/\/haarschneiderfranz.at\/shop\/wp-json\/wp\/v2\/product"}],"about":[{"href":"https:\/\/haarschneiderfranz.at\/shop\/wp-json\/wp\/v2\/types\/product"}],"wp:featuredmedia":[{"embeddable":true,"href":"https:\/\/haarschneiderfranz.at\/shop\/wp-json\/wp\/v2\/media\/263"}],"wp:attachment":[{"href":"https:\/\/haarschneiderfranz.at\/shop\/wp-json\/wp\/v2\/media?parent=262"}],"wp:term":[{"taxonomy":"product_brand","embeddable":true,"href":"https:\/\/haarschneiderfranz.at\/shop\/wp-json\/wp\/v2\/product_brand?post=262"},{"taxonomy":"product_cat","embeddable":true,"href":"https:\/\/haarschneiderfranz.at\/shop\/wp-json\/wp\/v2\/product_cat?post=262"},{"taxonomy":"product_tag","embeddable":true,"href":"https:\/\/haarschneiderfranz.at\/shop\/wp-json\/wp\/v2\/product_tag?post=262"}],"curies":[{"name":"wp","href":"https:\/\/api.w.org\/{rel}","templated":true}]}}