{"id":236,"date":"2020-04-06T12:14:57","date_gmt":"2020-04-06T10:14:57","guid":{"rendered":"https:\/\/haarschneiderfranz.at\/shop\/?post_type=product&#038;p=236"},"modified":"2025-01-15T11:57:14","modified_gmt":"2025-01-15T10:57:14","slug":"strong-hold-cream-gel","status":"publish","type":"product","link":"https:\/\/haarschneiderfranz.at\/shop\/produkt\/strong-hold-cream-gel\/","title":{"rendered":"STRONG HOLD CREAM GEL"},"content":{"rendered":"","protected":false},"excerpt":{"rendered":"<p>Cremiges Gel, perlig und elastisch mit starkem Halt.<\/p>\n<p>Benefits:<\/p>\n<ul>\n<li>verleiht Struktur<\/li>\n<li>schnelltrocknend<\/li>\n<li>keine R\u00fcckst\u00e4nde<\/li>\n<li>Memory-Effekt<\/li>\n<li>Antikr\u00e4usel<\/li>\n<li>Antischwerkraft<\/li>\n<li>Wet-Effekt<\/li>\n<li>formbar<\/li>\n<\/ul>\n<p>Die Rezeptur ist parabenfrei und ohne Zusatz von Farbstoffen.<\/p>\n<p><strong>ANWENDUNG:<\/strong><br \/>\nEine kleine Menge auf das trockene Haar auftragen und nach Wunsch stylen. Kann f\u00fcr mehr Textur auch vor dem Trocknen auf das nasse Haar gegeben werden. Je nach Haardichte, L\u00e4nge und gew\u00fcnschtem Effekt zwischen 4 und 8 Gramm auftragen.<\/p>\n","protected":false},"featured_media":237,"template":"","meta":{"spay_email":""},"product_brand":[],"product_cat":[52],"product_tag":[],"class_list":{"0":"post-236","1":"product","2":"type-product","3":"status-publish","4":"has-post-thumbnail","6":"product_cat-styling","7":"pa_brand-davines","9":"first","10":"instock","11":"taxable","12":"shipping-taxable","13":"purchasable","14":"product-type-simple"},"_links":{"self":[{"href":"https:\/\/haarschneiderfranz.at\/shop\/wp-json\/wp\/v2\/product\/236","targetHints":{"allow":["GET"]}}],"collection":[{"href":"https:\/\/haarschneiderfranz.at\/shop\/wp-json\/wp\/v2\/product"}],"about":[{"href":"https:\/\/haarschneiderfranz.at\/shop\/wp-json\/wp\/v2\/types\/product"}],"wp:featuredmedia":[{"embeddable":true,"href":"https:\/\/haarschneiderfranz.at\/shop\/wp-json\/wp\/v2\/media\/237"}],"wp:attachment":[{"href":"https:\/\/haarschneiderfranz.at\/shop\/wp-json\/wp\/v2\/media?parent=236"}],"wp:term":[{"taxonomy":"product_brand","embeddable":true,"href":"https:\/\/haarschneiderfranz.at\/shop\/wp-json\/wp\/v2\/product_brand?post=236"},{"taxonomy":"product_cat","embeddable":true,"href":"https:\/\/haarschneiderfranz.at\/shop\/wp-json\/wp\/v2\/product_cat?post=236"},{"taxonomy":"product_tag","embeddable":true,"href":"https:\/\/haarschneiderfranz.at\/shop\/wp-json\/wp\/v2\/product_tag?post=236"}],"curies":[{"name":"wp","href":"https:\/\/api.w.org\/{rel}","templated":true}]}}