{"id":230,"date":"2020-04-06T12:00:06","date_gmt":"2020-04-06T10:00:06","guid":{"rendered":"https:\/\/haarschneiderfranz.at\/shop\/?post_type=product&#038;p=230"},"modified":"2026-01-14T12:01:45","modified_gmt":"2026-01-14T11:01:45","slug":"sea-salt-spray","status":"publish","type":"product","link":"https:\/\/haarschneiderfranz.at\/shop\/produkt\/sea-salt-spray\/","title":{"rendered":"SEA SALT SPRAY"},"content":{"rendered":"","protected":false},"excerpt":{"rendered":"<p>Styling Spray aus Meersalz, welches dem Haar F\u00fclle und Volumen mit einem matten Finish verleiht.<\/p>\n<p>Vorteile:<\/p>\n<ul>\n<li>mehr Textur<\/li>\n<li>extremes Volumen<\/li>\n<li>einfache Handhabung<\/li>\n<li>Trocken Effekt: macht einen wuscheligen Beachlook<\/li>\n<li>gibt f\u00fclle w\u00e4hrend der elektrostatische Effekt minimiert wird<\/li>\n<\/ul>\n<p>Diese Rezeptur ist parabenfrei und ohne Zugabe von Farbstoffen.<\/p>\n<p><strong>ANWENDUNG:<\/strong><br \/>\nF\u00fcr mehr F\u00fclle vor dem Styling auf das nasse Haar spr\u00fchen. Um Volumen und Matt-Effekt zu erh\u00f6hen, auf das trockene Haar spr\u00fchen. Je nach Haardichte, L\u00e4nge und gew\u00fcnschtem Effekt zwischen 3 und 5 Gramm auftragen.<\/p>\n","protected":false},"featured_media":231,"template":"","meta":{"spay_email":""},"product_brand":[],"product_cat":[52],"product_tag":[],"class_list":{"0":"post-230","1":"product","2":"type-product","3":"status-publish","4":"has-post-thumbnail","6":"product_cat-styling","7":"pa_brand-davines","9":"first","10":"instock","11":"taxable","12":"shipping-taxable","13":"purchasable","14":"product-type-simple"},"_links":{"self":[{"href":"https:\/\/haarschneiderfranz.at\/shop\/wp-json\/wp\/v2\/product\/230","targetHints":{"allow":["GET"]}}],"collection":[{"href":"https:\/\/haarschneiderfranz.at\/shop\/wp-json\/wp\/v2\/product"}],"about":[{"href":"https:\/\/haarschneiderfranz.at\/shop\/wp-json\/wp\/v2\/types\/product"}],"wp:featuredmedia":[{"embeddable":true,"href":"https:\/\/haarschneiderfranz.at\/shop\/wp-json\/wp\/v2\/media\/231"}],"wp:attachment":[{"href":"https:\/\/haarschneiderfranz.at\/shop\/wp-json\/wp\/v2\/media?parent=230"}],"wp:term":[{"taxonomy":"product_brand","embeddable":true,"href":"https:\/\/haarschneiderfranz.at\/shop\/wp-json\/wp\/v2\/product_brand?post=230"},{"taxonomy":"product_cat","embeddable":true,"href":"https:\/\/haarschneiderfranz.at\/shop\/wp-json\/wp\/v2\/product_cat?post=230"},{"taxonomy":"product_tag","embeddable":true,"href":"https:\/\/haarschneiderfranz.at\/shop\/wp-json\/wp\/v2\/product_tag?post=230"}],"curies":[{"name":"wp","href":"https:\/\/api.w.org\/{rel}","templated":true}]}}