{"id":205,"date":"2020-04-06T10:54:12","date_gmt":"2020-04-06T08:54:12","guid":{"rendered":"https:\/\/haarschneiderfranz.at\/shop\/?post_type=product&#038;p=205"},"modified":"2026-01-14T11:51:27","modified_gmt":"2026-01-14T10:51:27","slug":"naturaltech-energizing-gel","status":"publish","type":"product","link":"https:\/\/haarschneiderfranz.at\/shop\/produkt\/naturaltech-energizing-gel\/","title":{"rendered":"NATURALTECH ENERGIZING GEL"},"content":{"rendered":"","protected":false},"excerpt":{"rendered":"<p>Dient bei saisonalem Haarverlust als vorbeugende Ma\u00dfnahme, verlangsamt den Prozess des Haarausfalls, indem es den Kreislauf stimuliert, feines oder gestresstes Haar st\u00e4rkt und ihm F\u00fclle verleiht. Auf die Kopfhaut und Haarneuwuchs aufgetragen, st\u00e4rkt und repariert es das Haar leicht, und schafft einen zus\u00e4tzlichen leichten Styling Effekt.<\/p>\n<p><strong>ANWENDUNG:<\/strong><br \/>\nNach dem Haarewaschen 10 Gramm auf der gesamten Kopfhaut verteilen und sanft einmassieren. Nicht auswaschen. Vorbeugende oder pflegende Anwendung: 3 Monate lang 2x w\u00f6chentlich.<\/p>\n","protected":false},"featured_media":206,"template":"","meta":{"spay_email":""},"product_brand":[],"product_cat":[51],"product_tag":[],"class_list":{"0":"post-205","1":"product","2":"type-product","3":"status-publish","4":"has-post-thumbnail","6":"product_cat-pflege","7":"pa_brand-davines","9":"first","10":"instock","11":"taxable","12":"shipping-taxable","13":"purchasable","14":"product-type-simple"},"_links":{"self":[{"href":"https:\/\/haarschneiderfranz.at\/shop\/wp-json\/wp\/v2\/product\/205","targetHints":{"allow":["GET"]}}],"collection":[{"href":"https:\/\/haarschneiderfranz.at\/shop\/wp-json\/wp\/v2\/product"}],"about":[{"href":"https:\/\/haarschneiderfranz.at\/shop\/wp-json\/wp\/v2\/types\/product"}],"wp:featuredmedia":[{"embeddable":true,"href":"https:\/\/haarschneiderfranz.at\/shop\/wp-json\/wp\/v2\/media\/206"}],"wp:attachment":[{"href":"https:\/\/haarschneiderfranz.at\/shop\/wp-json\/wp\/v2\/media?parent=205"}],"wp:term":[{"taxonomy":"product_brand","embeddable":true,"href":"https:\/\/haarschneiderfranz.at\/shop\/wp-json\/wp\/v2\/product_brand?post=205"},{"taxonomy":"product_cat","embeddable":true,"href":"https:\/\/haarschneiderfranz.at\/shop\/wp-json\/wp\/v2\/product_cat?post=205"},{"taxonomy":"product_tag","embeddable":true,"href":"https:\/\/haarschneiderfranz.at\/shop\/wp-json\/wp\/v2\/product_tag?post=205"}],"curies":[{"name":"wp","href":"https:\/\/api.w.org\/{rel}","templated":true}]}}