{"id":203,"date":"2020-04-06T10:49:37","date_gmt":"2020-04-06T08:49:37","guid":{"rendered":"https:\/\/haarschneiderfranz.at\/shop\/?post_type=product&#038;p=203"},"modified":"2026-03-31T19:11:43","modified_gmt":"2026-03-31T17:11:43","slug":"nounou-hair-mask","status":"publish","type":"product","link":"https:\/\/haarschneiderfranz.at\/shop\/produkt\/nounou-hair-mask\/","title":{"rendered":"NOUNOU HAIR MASK"},"content":{"rendered":"","protected":false},"excerpt":{"rendered":"<p>Intensiv n\u00e4hrende und restrukturierende Haarkur f\u00fcr trockenes, oder durch Behandlungen wie Str\u00e4hnen, Blondieren, Dauerwellen oder chemisches Gl\u00e4tten gesch\u00e4digtes Haar. Der verwendete Duft in NOUNOU erinnert an aromatische intensive Zitrusnoten.<\/p>\n<p><strong>ANWENDUNG:<\/strong><br \/>\nEine geeignete Menge, nach der Anwendung von NOUNOU\/ Shampoo ins handtuchtrockene Haar geben. 10-15 Minuten einwirken lassen, durchk\u00e4mmen und gr\u00fcndlich aussp\u00fclen. Ideal f\u00fcr trockenes, oder gesch\u00e4digtes Haar.<\/p>\n<p>Zero Impact<sup>\u00ae<\/sup> product with Torre Guaceto Fiaschetto Tomato from Slow Food Presidium of Brindisi, Puglia<\/p>\n","protected":false},"featured_media":204,"template":"","meta":{"spay_email":""},"product_brand":[],"product_cat":[51],"product_tag":[],"class_list":{"0":"post-203","1":"product","2":"type-product","3":"status-publish","4":"has-post-thumbnail","6":"product_cat-pflege","7":"pa_brand-davines","9":"first","10":"instock","11":"taxable","12":"shipping-taxable","13":"purchasable","14":"product-type-simple"},"_links":{"self":[{"href":"https:\/\/haarschneiderfranz.at\/shop\/wp-json\/wp\/v2\/product\/203","targetHints":{"allow":["GET"]}}],"collection":[{"href":"https:\/\/haarschneiderfranz.at\/shop\/wp-json\/wp\/v2\/product"}],"about":[{"href":"https:\/\/haarschneiderfranz.at\/shop\/wp-json\/wp\/v2\/types\/product"}],"wp:featuredmedia":[{"embeddable":true,"href":"https:\/\/haarschneiderfranz.at\/shop\/wp-json\/wp\/v2\/media\/204"}],"wp:attachment":[{"href":"https:\/\/haarschneiderfranz.at\/shop\/wp-json\/wp\/v2\/media?parent=203"}],"wp:term":[{"taxonomy":"product_brand","embeddable":true,"href":"https:\/\/haarschneiderfranz.at\/shop\/wp-json\/wp\/v2\/product_brand?post=203"},{"taxonomy":"product_cat","embeddable":true,"href":"https:\/\/haarschneiderfranz.at\/shop\/wp-json\/wp\/v2\/product_cat?post=203"},{"taxonomy":"product_tag","embeddable":true,"href":"https:\/\/haarschneiderfranz.at\/shop\/wp-json\/wp\/v2\/product_tag?post=203"}],"curies":[{"name":"wp","href":"https:\/\/api.w.org\/{rel}","templated":true}]}}