{"id":193,"date":"2020-04-06T10:28:27","date_gmt":"2020-04-06T08:28:27","guid":{"rendered":"https:\/\/haarschneiderfranz.at\/shop\/?post_type=product&#038;p=193"},"modified":"2026-03-31T19:08:32","modified_gmt":"2026-03-31T17:08:32","slug":"momo-hair-potion","status":"publish","type":"product","link":"https:\/\/haarschneiderfranz.at\/shop\/produkt\/momo-hair-potion\/","title":{"rendered":"MOMO HAIR POTION"},"content":{"rendered":"","protected":false},"excerpt":{"rendered":"<p>Universal einsetzbare Leave-in feuchtigkeitsspendende Creme, die das Haar seidig und gl\u00e4nzend macht ohne es zu beschweren. Der verwendete Duft in MOMO erinnert an fruchtig frische Noten.<\/p>\n<p><strong>ANWENDUNG:<\/strong><br \/>\nAuf handtuchtrockenes Haar aufzutragen. Haupts\u00e4chliche Verwendung in Verbindung mit anderen Produkten aus der MOMO Serie, aber auch nach der Verwendung aller anderen EHC Shampoos oder Conditioner. Es kann auch in trockenes, gestyltes Haar gegeben werden. Die nicht beschwerende Textur hinterl\u00e4sst das Haar seidig ohne es nass zu machen. 6 Gramm des Produktes sind ausreichend f\u00fcr schulterlanges Haar Bei der Anwendung im trockenen Haar sind 2 Gramm des Produktes ausreichend. Ideal f\u00fcr trockenes Haar das extra Feuchtigkeit ben\u00f6tigt.<\/p>\n","protected":false},"featured_media":194,"template":"","meta":{"spay_email":""},"product_brand":[],"product_cat":[51],"product_tag":[],"class_list":{"0":"post-193","1":"product","2":"type-product","3":"status-publish","4":"has-post-thumbnail","6":"product_cat-pflege","7":"pa_brand-davines","9":"first","10":"outofstock","11":"taxable","12":"shipping-taxable","13":"purchasable","14":"product-type-simple"},"_links":{"self":[{"href":"https:\/\/haarschneiderfranz.at\/shop\/wp-json\/wp\/v2\/product\/193","targetHints":{"allow":["GET"]}}],"collection":[{"href":"https:\/\/haarschneiderfranz.at\/shop\/wp-json\/wp\/v2\/product"}],"about":[{"href":"https:\/\/haarschneiderfranz.at\/shop\/wp-json\/wp\/v2\/types\/product"}],"wp:featuredmedia":[{"embeddable":true,"href":"https:\/\/haarschneiderfranz.at\/shop\/wp-json\/wp\/v2\/media\/194"}],"wp:attachment":[{"href":"https:\/\/haarschneiderfranz.at\/shop\/wp-json\/wp\/v2\/media?parent=193"}],"wp:term":[{"taxonomy":"product_brand","embeddable":true,"href":"https:\/\/haarschneiderfranz.at\/shop\/wp-json\/wp\/v2\/product_brand?post=193"},{"taxonomy":"product_cat","embeddable":true,"href":"https:\/\/haarschneiderfranz.at\/shop\/wp-json\/wp\/v2\/product_cat?post=193"},{"taxonomy":"product_tag","embeddable":true,"href":"https:\/\/haarschneiderfranz.at\/shop\/wp-json\/wp\/v2\/product_tag?post=193"}],"curies":[{"name":"wp","href":"https:\/\/api.w.org\/{rel}","templated":true}]}}