{"id":147,"date":"2020-04-06T08:45:53","date_gmt":"2020-04-06T06:45:53","guid":{"rendered":"https:\/\/haarschneiderfranz.at\/shop\/?post_type=product&#038;p=147"},"modified":"2021-07-14T23:09:30","modified_gmt":"2021-07-14T21:09:30","slug":"hair-refresher","status":"publish","type":"product","link":"https:\/\/haarschneiderfranz.at\/shop\/produkt\/hair-refresher\/","title":{"rendered":"HAIR REFRESHER"},"content":{"rendered":"","protected":false},"excerpt":{"rendered":"<p>Macht das Haar sofort sauber, frisch, wohlriechend und gibt Volumen, Textur und Halt. Wie frisch gewaschen, in wenigen Minuten!<\/p>\n<p>ANWENDUNG:<br \/>\nGut sch\u00fctteln, in kleinen Sektionen an den Ans\u00e4tzen mit ca. 20 cm Abstand bespr\u00fchen. Anschlie\u00dfend das Haar gut durchb\u00fcrsten.<\/p>\n","protected":false},"featured_media":148,"template":"","meta":{"spay_email":""},"product_brand":[],"product_cat":[51],"product_tag":[],"class_list":{"0":"post-147","1":"product","2":"type-product","3":"status-publish","4":"has-post-thumbnail","6":"product_cat-pflege","7":"pa_brand-davines","9":"first","10":"outofstock","11":"taxable","12":"shipping-taxable","13":"purchasable","14":"product-type-simple"},"_links":{"self":[{"href":"https:\/\/haarschneiderfranz.at\/shop\/wp-json\/wp\/v2\/product\/147","targetHints":{"allow":["GET"]}}],"collection":[{"href":"https:\/\/haarschneiderfranz.at\/shop\/wp-json\/wp\/v2\/product"}],"about":[{"href":"https:\/\/haarschneiderfranz.at\/shop\/wp-json\/wp\/v2\/types\/product"}],"wp:featuredmedia":[{"embeddable":true,"href":"https:\/\/haarschneiderfranz.at\/shop\/wp-json\/wp\/v2\/media\/148"}],"wp:attachment":[{"href":"https:\/\/haarschneiderfranz.at\/shop\/wp-json\/wp\/v2\/media?parent=147"}],"wp:term":[{"taxonomy":"product_brand","embeddable":true,"href":"https:\/\/haarschneiderfranz.at\/shop\/wp-json\/wp\/v2\/product_brand?post=147"},{"taxonomy":"product_cat","embeddable":true,"href":"https:\/\/haarschneiderfranz.at\/shop\/wp-json\/wp\/v2\/product_cat?post=147"},{"taxonomy":"product_tag","embeddable":true,"href":"https:\/\/haarschneiderfranz.at\/shop\/wp-json\/wp\/v2\/product_tag?post=147"}],"curies":[{"name":"wp","href":"https:\/\/api.w.org\/{rel}","templated":true}]}}