{"id":115,"date":"2020-04-04T10:36:15","date_gmt":"2020-04-04T08:36:15","guid":{"rendered":"https:\/\/haarschneiderfranz.at\/shop\/?post_type=product&#038;p=115"},"modified":"2026-03-31T17:49:15","modified_gmt":"2026-03-31T15:49:15","slug":"rose-serum","status":"publish","type":"product","link":"https:\/\/haarschneiderfranz.at\/shop\/produkt\/rose-serum\/","title":{"rendered":"ROSE SERUM"},"content":{"rendered":"","protected":false},"excerpt":{"rendered":"<p>f\u00fcr jeden Haartyp, bei irritierter Kopfhaut (z.B. Juckreiz, Schuppen etc)<\/p>\n<p>Glanz- &amp; Anti-Frizz Finish; Intensivpflege f\u00fcr Haar &amp; Kopfhaut. \u00d6lserum auf Basis von Hagebuttensamen*-, Jojoba*-, Aprikosenkern*- &amp; Kokos\u00f6l*.<\/p>\n<p>Gl\u00e4nzendes Finish: Wenige Tropfen in den H\u00e4nden verteilen, ins nasse oder trockene Haar einarbeiten. Intensivkur: in Kopfhaut und Haare einmassieren, am besten \u00fcber Nacht einwirken lassen \u2013 gut auswaschen!<\/p>\n<p><em>* aus kontrolliert biologischem Anbau + fair trade<\/em><\/p>\n","protected":false},"featured_media":710,"template":"","meta":{"spay_email":""},"product_brand":[],"product_cat":[52],"product_tag":[45],"class_list":{"0":"post-115","1":"product","2":"type-product","3":"status-publish","4":"has-post-thumbnail","6":"product_cat-styling","7":"product_tag-haircare","8":"pa_brand-less-is-more","10":"first","11":"instock","12":"taxable","13":"shipping-taxable","14":"purchasable","15":"product-type-simple"},"_links":{"self":[{"href":"https:\/\/haarschneiderfranz.at\/shop\/wp-json\/wp\/v2\/product\/115","targetHints":{"allow":["GET"]}}],"collection":[{"href":"https:\/\/haarschneiderfranz.at\/shop\/wp-json\/wp\/v2\/product"}],"about":[{"href":"https:\/\/haarschneiderfranz.at\/shop\/wp-json\/wp\/v2\/types\/product"}],"wp:featuredmedia":[{"embeddable":true,"href":"https:\/\/haarschneiderfranz.at\/shop\/wp-json\/wp\/v2\/media\/710"}],"wp:attachment":[{"href":"https:\/\/haarschneiderfranz.at\/shop\/wp-json\/wp\/v2\/media?parent=115"}],"wp:term":[{"taxonomy":"product_brand","embeddable":true,"href":"https:\/\/haarschneiderfranz.at\/shop\/wp-json\/wp\/v2\/product_brand?post=115"},{"taxonomy":"product_cat","embeddable":true,"href":"https:\/\/haarschneiderfranz.at\/shop\/wp-json\/wp\/v2\/product_cat?post=115"},{"taxonomy":"product_tag","embeddable":true,"href":"https:\/\/haarschneiderfranz.at\/shop\/wp-json\/wp\/v2\/product_tag?post=115"}],"curies":[{"name":"wp","href":"https:\/\/api.w.org\/{rel}","templated":true}]}}