{"id":46,"date":"2020-04-01T17:58:34","date_gmt":"2020-04-01T15:58:34","guid":{"rendered":"https:\/\/haarschneiderfranz.at\/shop\/agb\/"},"modified":"2022-03-04T10:34:01","modified_gmt":"2022-03-04T09:34:01","slug":"agb","status":"publish","type":"page","link":"https:\/\/haarschneiderfranz.at\/shop\/agb\/","title":{"rendered":"AGB"},"content":{"rendered":"\n<p>1. GELTUNG VON ALLGEMEINEN GESCH\u00c4FTSBEDINGUNGEN (AGB) <\/p>\n\n\n\n<p>Soweit\nnicht ausdr\u00fccklich Gegenteiliges vereinbart wurde, gelten unsere, dem\nVertragspartner bekannt gegebenen AGB.<\/p>\n\n\n\n<p>Unser\nVertragspartner stimmt zu, dass im Falle der Verwendung von AGB durch ihn im\nZweifel von unseren Bedingungen auszugehen ist, auch wenn die Bedingungen des\nVertragspartners unwidersprochen bleiben.<\/p>\n\n\n\n<p>Vertragserf\u00fcllungshandlungen\nunsererseits gelten insofern nicht als Zustimmung zu von unseren Bedingungen\nabweichenden Vertragsbedingungen. Verbleiben bei der Vertragsauslegung dennoch\nUnklarheiten, so sind diese in der Weise auszur\u00e4umen, dass jene Inhalte als\nvereinbart gelten, die \u00fcblicherweise in vergleichbaren F\u00e4llen vereinbart\nwerden. <\/p>\n\n\n\n<p>2.\nANGEBOT <\/p>\n\n\n\n<p>Unsere\nAngebote sind freibleibend. <\/p>\n\n\n\n<p>2.1.\nAngebote im Fernabsatz \/ Die Belehrung \u00fcber das R\u00fccktrittsrecht <\/p>\n\n\n\n<p>2.1.1.\nIm Falle der Online-Bestellung von Waren<\/p>\n\n\n\n<p>Besteller,\ndie Verbraucher iSd Konsumentenschutzgesetztes sind, k\u00f6nnen binnen einer Frist\nvon 7 Werktagen ab Erhalt der Lieferung der bestellten Ware von einem im\nFernabsatz geschlossenen Vertrag (oder einer im Fernabsatz abgegebenen\nVertragserkl\u00e4rung) zur\u00fccktreten. <\/p>\n\n\n\n<p>Es\ngen\u00fcgt, wenn die R\u00fccktrittserkl\u00e4rung innerhalb der Frist ohne Angabe von\nGr\u00fcnden abgesendet wird, Samstage z\u00e4hlen nicht als Werktage.<\/p>\n\n\n\n<p>Im\nFalle des R\u00fccktritts findet eine g\u00e4nzliche oder teilweise R\u00fcckerstattung des\nKaufpreises nur Zug um Zug gegen&nbsp;\nZur\u00fcckstellung der vom Besteller erhaltenen Waren statt.<\/p>\n\n\n\n<p>Die\nWare ist in ungen\u00fctztem und als neu wiederverkaufsf\u00e4higem Zustand und in der\nOriginalverpackung retour zu senden. Bei Artikeln, die durch Gebrauchsspuren\nbeeintr\u00e4chtigt sind oder deren Verpackung besch\u00e4digt ist, wird von uns ein\nangemessenes Entgelt f\u00fcr die Wertminderung erhoben. Gleiches gilt, wenn bei R\u00fcckgabe\nder Ware Zubeh\u00f6r oder Teile fehlen.<\/p>\n\n\n\n<p>Unfrei\nretourgesendete Waren werden von uns ohne vorheriger Absprache nicht\nangenommen. <\/p>\n\n\n\n<p>2.1.2\nIm Falle der Online-Bestellung von Dienstleistungen<\/p>\n\n\n\n<p>Kunden,\ndie Verbraucher iSd Konsumentenschutzgesetztes sind, k\u00f6nnen binnen einer Frist\nvon 7 Werktagen von einem im Fernabsatz geschlossenen Vertrag (oder einer im\nFernabsatz abgegebenen Vertragserkl\u00e4rung) zur\u00fccktreten. Die R\u00fccktrittsfrist\nbeginnt mit dem Tag des Vertragsabschlusses zu laufen, wobei Samstage nicht als\nWerktage z\u00e4hlen.<\/p>\n\n\n\n<p>Es\ngen\u00fcgt, wenn die R\u00fccktrittserkl\u00e4rung innerhalb der Frist ohne Angabe von\nGr\u00fcnden abgegeben wird.<\/p>\n\n\n\n<p>Im\nFalle des R\u00fccktritts findet eine g\u00e4nzliche oder teilweise R\u00fcckerstattung des\nKaufpreises nur Zug um Zug gegen&nbsp;\nallf\u00e4llige Zur\u00fcckstellung bereits empfangener Leistungen statt.\nEmpfangene Leistungen sind soweit wie m\u00f6glich zur\u00fcckzustellen und d\u00fcrfen vom\nBesteller nicht mehr \u2013 auch nicht teilweise \u2013 verwendet bzw. in Anspruch\ngenommen werden oder sonstige Vorteile daraus gezogen werden. F\u00fcr die bereits\nerfolgte Ben\u00fctzung der Leistung wird von uns ein angemessenes Entgelt\neinbehalten. Allf\u00e4llige Kosten der Zur\u00fcckstellung&nbsp; gehen zu Lasten des Kunden.<\/p>\n\n\n\n<p>Das\nR\u00fccktrittsrecht besteht jedoch nicht, wenn mit der Ausf\u00fchrung der\nDienstleistung vereinbarungsgem\u00e4\u00df bereits innerhalb der R\u00fccktrittsfrist\nbegonnen wird. <\/p>\n\n\n\n<p>3.\nKOSTENVORANSCHLAG<\/p>\n\n\n\n<p>Der\nKostenvoranschlag wird nach bestem Fachwissen erstellt, es kann jedoch keine\nGew\u00e4hr f\u00fcr die Richtigkeit \u00fcbernommen werden. Sollten sich nach\nAuftragserteilung Kostenerh\u00f6hungen im Ausma\u00df von \u00fcber 15 % ergeben, wird der\nAuftragnehmer den Auftraggeber davon unverz\u00fcglich verst\u00e4ndigen.<\/p>\n\n\n\n<p>Kostenvoranschl\u00e4ge\nsind entgeltlich. Ein f\u00fcr den Kostenvoranschlag bezahltes Entgelt wird\ngutgeschrieben, wenn aufgrund dieses Kostenvoranschlages ein Auftrag erteilt\nwird.<\/p>\n\n\n\n<p>4.\nPREIS<\/p>\n\n\n\n<p>Alle\nvon uns genannten Preise sind, sofern nicht anderes ausdr\u00fccklich vermerkt ist,\nexklusive Umsatzsteuer zu verstehen. Im Verrechnungsfalle wird die gesetzliche\nUmsatzsteuer zu diesen Preisen hinzugerechnet.<\/p>\n\n\n\n<p>5.\nLIEFERBEDINGUNGEN \u00d6STERREICH <\/p>\n\n\n\n<p>Es\ngibt keinen Mindestauftragswert.<\/p>\n\n\n\n<p>Privatkunden\ninklusive MwSt:<\/p>\n\n\n\n<p>\u00b7&nbsp;&nbsp;&nbsp;&nbsp;&nbsp;&nbsp;&nbsp;&nbsp; Bei einem Warenwert unter Euro 30,00\nwerden Bearbeitungs- und Zustellkosten von Euro 4 in Rechnung gestellt. <\/p>\n\n\n\n<p>\u00b7&nbsp;&nbsp;&nbsp;&nbsp;&nbsp;&nbsp;&nbsp;&nbsp; Ab einem Warenwert von Euro 30,01\nerfolgt die Lieferung frei Haus, ohne Zustellkosten.<\/p>\n\n\n\n<p>Geliefert\nwird nur in \u00d6sterreich<\/p>\n\n\n\n<p>6.\nZAHLUNGSBEDINGUNGEN (F\u00c4LLIGKEIT, TEILZAHLUNG, SKONTO)<\/p>\n\n\n\n<p>Es\nwerden nur die elektronischen Bezahlarten im Webshop akzeptiert.<\/p>\n\n\n\n<p>7.\nVERZUGSZINSEN<\/p>\n\n\n\n<p>Selbst\nbei unverschuldetem Zahlungsverzug des K\u00e4ufers sind wir berechtigt,\nVerzugszinsen in der H\u00f6he von 1% p.M. zu verrechnen.<\/p>\n\n\n\n<p>Der\nK\u00e4ufer verpflichtet sich, die Kosten f\u00fcr eine notwendige Betreibung durch ein\nInkassounternehmen oder die gerichtliche Durchsetzung der Forderung zu\nakzeptieren. Ebenso akzeptiert er, dass im Falle eines Zahlungsverzuges die\naushaftende Forderung an Dritte zum Zweck der Bonit\u00e4tsausk\u00fcnfte weitergeleitet\nwerden kann. <\/p>\n\n\n\n<p>8.\nEIGENTUMSVORBEHALT <\/p>\n\n\n\n<p>Die\nWare bleibt bis zur vollst\u00e4ndigen Bezahlung des Kaufpreises und aller Kosten\nund Spesen unser Eigentum. Eine Weiterver\u00e4u\u00dferung ist nur zul\u00e4ssig, wenn uns\ndiese rechtzeitig vorher unter Anf\u00fchrung des Namens bzw. der Firma und der\ngenauen Gesch\u00e4ftsanschrift des K\u00e4ufers bekannt gegeben wird und wir der\nVer\u00e4u\u00dferung zustimmen. Im Falle unserer Zustimmung gilt die Kaufpreisforderung\nals an uns abgetreten und sind wir jederzeit befugt, den Drittschuldner von\ndieser Abtretung zu verst\u00e4ndigen. Im Falle einer Mehrzahl von Forderungen\nunsererseits, werden Zahlungen des Schuldners prim\u00e4r jenen unserer Forderungen\nzugerechnet, die nicht (mehr) durch einen Eigentumsvorbehalt oder andere\nSicherungsmittel gesichert sind.<\/p>\n\n\n\n<p>Im\nFalle des auch nur teilweisen Zahlungsverzuges stimmt der K\u00e4ufer schon jetzt\nzu, dass wir die Ware auf seine Kosten jederzeit abholen k\u00f6nnen.<\/p>\n\n\n\n<p>Im\nFalle des Verzuges sind wir berechtigt, unsere Rechte aus dem Eigentumsvorbehalt\ngeltend zu machen. Es wird vereinbart, dass in der Geltendmachung des\nEigentumsvorbehalts kein R\u00fccktritt vom Vertrag liegt, au\u00dfer, wir erkl\u00e4ren den\nR\u00fccktritt vom Vertrag ausdr\u00fccklich. <\/p>\n\n\n\n<p>9.\nERF\u00dcLLUNGSORT<\/p>\n\n\n\n<p>Erf\u00fcllungsort\nund Gerichtsstand ist Linz.<\/p>\n\n\n\n<p>10. NICHTERF\u00dcLLUNG\/LIEFER-\nUND LEISTUNGSVERZUG<\/p>\n\n\n\n<p>Geringf\u00fcgige\nLieferfrist\u00fcberschreitungen hat der K\u00e4ufer jedenfalls zu akzeptieren, ohne dass\nihm ein Schadenersatzanspruch oder ein R\u00fccktrittsrecht zusteht.<\/p>\n\n\n\n<p>11.\nWARENANNAHMEVERWEIGERUNG<\/p>\n\n\n\n<p>Sollte\naus unberechtigtem Grund die Warenannahme bei Lieferung verweigert werden, sind\nwir berechtigt, die daraus entstandenen Versand- bzw. Frachtkosten in Rechnung\nzu stellen. <\/p>\n\n\n\n<p>12.\nGEW\u00c4HRLEISTUNG<\/p>\n\n\n\n<p>Abgesehen\nvon jenen F\u00e4llen, in denen von Gesetzes wegen das Recht auf Wandlung zusteht,\nbehalten wir uns vor, den Gew\u00e4hrleistungsanspruch nach unserer Wahl durch\nVerbesserung, Austausch oder Preisminderung zu erf\u00fcllen.<\/p>\n\n\n\n<p>Der\n\u00dcbernehmer hat stets zu beweisen, dass der Mangel zum \u00dcbergabezeitpunkt bereits\nvorhanden war.<\/p>\n\n\n\n<p>Die\nWare ist nach der Ablieferung unverz\u00fcglich zu untersuchen. Dabei festgestellte\nM\u00e4ngel sind ebenso unverz\u00fcglich, sp\u00e4testens aber innerhalb von&nbsp; 5 Tagen nach Ablieferung unter Bekanntgabe\nvon Art und Umfang des Mangels dem Verk\u00e4ufer bekannt zu geben.<\/p>\n\n\n\n<p>Verdeckte\nM\u00e4ngel sind unverz\u00fcglich nach ihrer Entdeckung zu r\u00fcgen. Wird eine M\u00e4ngelr\u00fcge\nnicht oder nicht rechtzeitig erhoben, so gilt die Ware als genehmigt. Die\nGeltendmachung von Gew\u00e4hrleistungs- oder Schadenersatzanspr\u00fcchen sowie das\nRecht auf Irrtumsanfechtung aufgrund von M\u00e4ngeln, sind in diesen F\u00e4llen\nausgeschlossen.<\/p>\n\n\n\n<p>Die\nGew\u00e4hrleistungsfrist betr\u00e4gt f\u00fcr bewegliche Sachen 2 Jahre, f\u00fcr unbewegliche\nSachen 3 Jahre ab Lieferung\/Leistung. <\/p>\n\n\n\n<p>13.\nRECHTSWAHL<\/p>\n\n\n\n<p>Auf\nalle Vertr\u00e4ge ist \u00f6sterreichisches materielles Recht anzuwenden, die\nAnwendbarkeit des UN-Kaufrechtes wird ausgeschlossen.<\/p>\n\n\n\n<p>14.\nGewinnspiele<\/p>\n\n\n\n<p>Teilnahmebedingungen\n\u2013 Haarschneider Franz E.U.<\/p>\n\n\n\n<p>Veranstalter\nder Gewinnspiele ist Haarschneider Franz E.U., Herrenstrasse 8, 4020 Linz<\/p>\n\n\n\n<p>Das\nGewinnspiel steht in keiner Verbindung zu Facebook\/Instagram und wird in keiner\nWeise von Facebook\/Instagram gesponsert, unterst\u00fctzt oder organisiert. Der\nEmpf\u00e4nger der vom Teilnehmer bereitgestellten Daten und Informationen ist nicht\nFacebook\/Instagram, sondern Haarschneider Franz E.U..<\/p>\n\n\n\n<p>S\u00e4mtliche\nFragen, Kommentare oder Beschwerden zum Gewinnspiel sind an Haarschneider Franz\nEU. entsprechend der im Impressum angegebenen Kontaktinformationen zu richten.\nEine Teilnahme am Gewinnspiel ist ausschlie\u00dflich zu den hier aufgef\u00fchrten\nTeilnahmebedingungen m\u00f6glich. Mit der Teilnahme am Gewinnspiel erkennt der\nTeilnehmer diese Teilnahmebedingungen ausdr\u00fccklich an.<\/p>\n\n\n\n<p>Haarschneider\nFranzE.U. beh\u00e4lt sich vor, das Gewinnspiel zu jedem Zeitpunkt abzubrechen oder\nzu beenden.<\/p>\n\n\n\n<p>Teilnahmeberechtigung<\/p>\n\n\n\n<p>Teilnahmeberechtigt\nsind Personen mit Wohnsitz in \u00d6sterreich, die bei der Teilnahme mindestens 18\nJahre alt und bei Facebook\/Instagram \u201cFan\u201d auf der Facebook-Seite von\nHaarschneider Franz E.U. sind. Ein Fan wird man durch Bet\u00e4tigung des \u201cGef\u00e4llt\nmir\u201d\/ \u201cLike\u201d-Buttons auf der \u201eHaarschneider Franz-Facebook\/Instagram-Seite. Von\nder Teilnahme ausgeschlossen sind Mitarbeiter, Bevollm\u00e4chtigte,\nRechtsnachfolger und Beauftragte von &#8220; Haarschneider Franz E.U und des\nBetreibers, involvierte Agenturen, sowie deren Angeh\u00f6rige.<\/p>\n\n\n\n<p>Teilnahme<\/p>\n\n\n\n<p>Ein\nGewinnspiel wird im Rahmen eines Beitrags\/Posts ausgerichtet. Die Teilnahme\nerfolgt somit bezogen auf einen Gewinnspiel-Post, indem ein Kommentar oder eine\nGef\u00e4llt-mir-Kennzeichnung hinterlassen wird. Die Gewinnspielteilnahme ist\nkostenlos.<\/p>\n\n\n\n<p>Die\nTeilnahme ist nicht von einer Inanspruchnahme einer kostenlosen oder\nkostenpflichtigen Dienstleistung des Betreibers und Ausrichters der\nGewinnspiele abh\u00e4ngig. Ebenfalls erh\u00f6hen Inanspruchnahmen einer Dienstleistung\noder Ware die Gewinnchancen nicht.<\/p>\n\n\n\n<p>Die\nTeilnahme am Gewinnspiel beinhaltet das Einverst\u00e4ndnis zur Nennung des Vor- und\nNachname auf der Facebook \/Instagram Fanpage von \u201eHaarschneider Franz E.U.\u201c im\nGewinnfall.<\/p>\n\n\n\n<p>Beitr\u00e4ge\nzur Teilnahme am Gewinnspiel d\u00fcrfen keine Beleidigungen, falsche Tatsachen,\nWettbewerbs-, Marken- oder Urheberrechtsverst\u00f6\u00dfe enthalten.<\/p>\n\n\n\n<p>Kommentare,\ndie gegen die Facebook-Richtlinien, \u00f6sterreichisches und deutsches Recht, das\nCopyright versto\u00dfen, werden nach Kenntnisnahme ohne Ank\u00fcndigung entfernt. Der\nTeilnehmer ist damit von der Verlosung ausgeschlossen. Beleidigungen, falsche\nTatsachen, Wettbewerbs-, Marken- und Urheberrechtsverst\u00f6\u00dfe f\u00fchren somit zum\nAusschluss an der Gewinnspielteilnahme. Dar\u00fcber hinaus beh\u00e4lt sich \u201eHaarschneider\nFranz E.U.\u201c bzw. der Betreiber vor, die genannten Ausschlusskriterien selbst in\nangemessener Weise zu deuten.<\/p>\n\n\n\n<p>Gewinne<\/p>\n\n\n\n<p>Sachgewinne\n\u2013 hierzu z\u00e4hlen auch Reisen \u2013 werden nicht ersatzweise in bar ausgezahlt und\nsind vom Umtausch und von Reklamationen jeglicher Art ausgeschlossen. Gewinne\nk\u00f6nnen nicht auf Dritte \u00fcbertragen werden. Handelt es sich um termingebundene\nEinl\u00f6sungen von Gewinnen, dann sind diese Termine in der Regel jenseits von\nVerhandlungsm\u00f6glichkeiten verbindlich und einzuhalten. Es gelten somit die in\neiner Gewinnspielbeschreibung genannten zeitlichen Fristen und Terminierungen,\ndie durch die Gewinnspielteilnahme eines Teilnehmers akzeptiert werden.<\/p>\n\n\n\n<p>Verlosung<\/p>\n\n\n\n<p>An der\nVerlosung nimmt teil, wer eine der vorgegebenen Teilnahmearten \u2013 die eigene\nKennzeichnung der Teilnahme durch Bet\u00e4tigen des \u201eGef\u00e4llt-mir\u201c-Buttons \u2013 w\u00e4hlt.\nGesonderte Teilnahmearten werden im entsprechenden Beitrag gekennzeichnet.<\/p>\n\n\n\n<p>Jeder\nTeilnehmer kann nur einmal pro Gewinnspiel an der Verlosung teilnehmen. Die\nAuswahl mehrerer Teilnahmearten wird somit als eine Teilnahme gewertet.<\/p>\n\n\n\n<p>Die\nGewinne werden unter allen zur Teilnahme berechtigten Teilnehmern verlost. Die\nErmittlung des bzw. der Gewinner erfolgt entsprechend dem im einzelnen\nGewinnspielbeitrag genannten Zeitpunkt bzw. des genannten Zeitrahmens.<\/p>\n\n\n\n<p>Die\nGewinner werden unter dem Post und in unserer Gewinnerliste auf Facebook\/Instagram\nbekannt gegeben. Sollte sich ein Gewinner innerhalb von 14 Tagen nach der\nBenachrichtigung nicht zur Entgegennahme seines Gewinnes melden, verf\u00e4llt der\nGewinn.<\/p>\n\n\n\n<p>Sonstiges<\/p>\n\n\n\n<p>Der\nTeilnehmer stellt Facebook von jeder Haftung frei. Der Rechtsweg ist\nausgeschlossen. Es ist ausschlie\u00dflich das Recht der Bundesrepublik \u00d6sterreich\nanwendbar. Sollten einzelne dieser Teilnahmebedingungen ung\u00fcltig sein oder\nwerden, bleibt die G\u00fcltigkeit der \u00fcbrigen Teilnahmebedingungen hiervon\nunber\u00fchrt. Diese Teilnahmebedingungen k\u00f6nnen jederzeit von \u201eHaarschneider Franz\nE.U.\u201c ge\u00e4ndert werden.<\/p>\n\n\n\n<p>15.\nDatenschutz<\/p>\n\n\n\n<p>Verantwortliche\nStelle f\u00fcr die Datenerhebung ist<\/p>\n\n\n\n<p>Haarschneider\nFranz E.U.<\/p>\n\n\n\n<p>Herrenstrasse\n8<\/p>\n\n\n\n<p>4020\nLinz<\/p>\n\n\n\n<p>office@haarschneiderfranz.at<\/p>\n\n\n\n<p>Unsere Datenschutzerkl\u00e4rung finden Sie hier:<br><a href=\"https:\/\/www.iubenda.com\/privacy-policy\/54711920\" target=\"_blank\" rel=\"noreferrer noopener\">https:\/\/www.iubenda.com\/privacy-policy\/54711920<\/a><\/p>\n\n\n\n<p>Unsere Cookie-Richtlinie finden Sie hier:<br><a href=\"https:\/\/www.iubenda.com\/privacy-policy\/54711920\/cookie-policy\" target=\"_blank\" rel=\"noreferrer noopener\">https:\/\/www.iubenda.com\/privacy-policy\/54711920\/cookie-policy<\/a><\/p>\n\n\n\n<p>Ihr Haarschneider Franz Team<\/p>\n\n\n\n<p>Stand:\n2020<\/p>\n\n\n<div class=\"woocommerce woocommerce-gzd woocommerce-gzd-complaints-shortcode\">\n\t<h3>Alternative Dispute Resolution in accordance with Art. 14 (1) ODR-VO and \u00a7 36 VSBG:<\/h3>\n\n<p>Die Europ\u00e4ische Kommission stellt eine Plattform zur Online-Streitbeilegung (OS) bereit, die du unter <a href=\"https:\/\/ec.europa.eu\/consumers\/odr\" target=\"_blank\">https:\/\/ec.europa.eu\/consumers\/odr<\/a> findest. Wir sind bereit, an einem au\u00dfergerichtlichen Schlichtungsverfahren teilzunehmen.<\/p>\n<\/div>","protected":false},"excerpt":{"rendered":"<p>1. GELTUNG VON ALLGEMEINEN GESCH\u00c4FTSBEDINGUNGEN (AGB) Soweit nicht ausdr\u00fccklich Gegenteiliges vereinbart wurde, gelten unsere, dem Vertragspartner bekannt gegebenen AGB. Unser Vertragspartner stimmt zu, dass im Falle der Verwendung von AGB durch ihn im Zweifel von unseren Bedingungen auszugehen ist, auch wenn die Bedingungen des Vertragspartners unwidersprochen bleiben. Vertragserf\u00fcllungshandlungen unsererseits gelten insofern nicht als Zustimmung zu [&hellip;]<\/p>\n","protected":false},"author":1,"featured_media":0,"parent":0,"menu_order":0,"comment_status":"closed","ping_status":"closed","template":"template-fullwidth.php","meta":{"spay_email":"","footnotes":""},"class_list":["post-46","page","type-page","status-publish","hentry"],"_links":{"self":[{"href":"https:\/\/haarschneiderfranz.at\/shop\/wp-json\/wp\/v2\/pages\/46","targetHints":{"allow":["GET"]}}],"collection":[{"href":"https:\/\/haarschneiderfranz.at\/shop\/wp-json\/wp\/v2\/pages"}],"about":[{"href":"https:\/\/haarschneiderfranz.at\/shop\/wp-json\/wp\/v2\/types\/page"}],"author":[{"embeddable":true,"href":"https:\/\/haarschneiderfranz.at\/shop\/wp-json\/wp\/v2\/users\/1"}],"replies":[{"embeddable":true,"href":"https:\/\/haarschneiderfranz.at\/shop\/wp-json\/wp\/v2\/comments?post=46"}],"version-history":[{"count":5,"href":"https:\/\/haarschneiderfranz.at\/shop\/wp-json\/wp\/v2\/pages\/46\/revisions"}],"predecessor-version":[{"id":739,"href":"https:\/\/haarschneiderfranz.at\/shop\/wp-json\/wp\/v2\/pages\/46\/revisions\/739"}],"wp:attachment":[{"href":"https:\/\/haarschneiderfranz.at\/shop\/wp-json\/wp\/v2\/media?parent=46"}],"curies":[{"name":"wp","href":"https:\/\/api.w.org\/{rel}","templated":true}]}}