{"id":45,"date":"2020-04-01T17:58:34","date_gmt":"2020-04-01T15:58:34","guid":{"rendered":"https:\/\/haarschneiderfranz.at\/shop\/impressum\/"},"modified":"2020-04-07T10:42:34","modified_gmt":"2020-04-07T08:42:34","slug":"impressum","status":"publish","type":"page","link":"https:\/\/haarschneiderfranz.at\/shop\/impressum\/","title":{"rendered":"Impressum"},"content":{"rendered":"\n<p>Haarschneider FRANZ e.U.<\/p>\n\n\n\n<p>Herrenstra\u00dfe 8<br>4020 Linz<br><a href=\"mailto:office@haarschneiderfranz.at\">office@haarschneiderfranz.at<\/a><br><a href=\"tel:0043732776456\">+43 . 732 . 77 64 56<\/a><\/p>\n\n\n\n<p>UID: ATU63576026<br>Firmenbuchnummer: 297112f<br>Firmengericht: Landesgericht Linz<\/p>\n\n\n\n<p>Beh\u00f6rde gem. ECG: Magistrat der Landeshauptstadt Linz<br>Mitglied der Wirtschaftskammer Ober\u00f6sterreich<br>Fachgruppe Friseure und Per\u00fcckenmacher<\/p>\n\n\n<div class=\"woocommerce woocommerce-gzd woocommerce-gzd-complaints-shortcode\">\n\t<h3>Alternative Dispute Resolution in accordance with Art. 14 (1) ODR-VO and \u00a7 36 VSBG:<\/h3>\n\n<p>Die Europ\u00e4ische Kommission stellt eine Plattform zur Online-Streitbeilegung (OS) bereit, die du unter <a href=\"https:\/\/ec.europa.eu\/consumers\/odr\" target=\"_blank\">https:\/\/ec.europa.eu\/consumers\/odr<\/a> findest. Wir sind bereit, an einem au\u00dfergerichtlichen Schlichtungsverfahren teilzunehmen.<\/p>\n<\/div>","protected":false},"excerpt":{"rendered":"<p>Haarschneider FRANZ e.U. Herrenstra\u00dfe 84020 Linzoffice@haarschneiderfranz.at+43 . 732 . 77 64 56 UID: ATU63576026Firmenbuchnummer: 297112fFirmengericht: Landesgericht Linz Beh\u00f6rde gem. ECG: Magistrat der Landeshauptstadt LinzMitglied der Wirtschaftskammer Ober\u00f6sterreichFachgruppe Friseure und Per\u00fcckenmacher<\/p>\n","protected":false},"author":1,"featured_media":0,"parent":0,"menu_order":0,"comment_status":"closed","ping_status":"closed","template":"template-fullwidth.php","meta":{"spay_email":"","footnotes":""},"class_list":["post-45","page","type-page","status-publish","hentry"],"_links":{"self":[{"href":"https:\/\/haarschneiderfranz.at\/shop\/wp-json\/wp\/v2\/pages\/45","targetHints":{"allow":["GET"]}}],"collection":[{"href":"https:\/\/haarschneiderfranz.at\/shop\/wp-json\/wp\/v2\/pages"}],"about":[{"href":"https:\/\/haarschneiderfranz.at\/shop\/wp-json\/wp\/v2\/types\/page"}],"author":[{"embeddable":true,"href":"https:\/\/haarschneiderfranz.at\/shop\/wp-json\/wp\/v2\/users\/1"}],"replies":[{"embeddable":true,"href":"https:\/\/haarschneiderfranz.at\/shop\/wp-json\/wp\/v2\/comments?post=45"}],"version-history":[{"count":2,"href":"https:\/\/haarschneiderfranz.at\/shop\/wp-json\/wp\/v2\/pages\/45\/revisions"}],"predecessor-version":[{"id":273,"href":"https:\/\/haarschneiderfranz.at\/shop\/wp-json\/wp\/v2\/pages\/45\/revisions\/273"}],"wp:attachment":[{"href":"https:\/\/haarschneiderfranz.at\/shop\/wp-json\/wp\/v2\/media?parent=45"}],"curies":[{"name":"wp","href":"https:\/\/api.w.org\/{rel}","templated":true}]}}