{"id":401,"date":"2020-04-10T21:08:08","date_gmt":"2020-04-10T19:08:08","guid":{"rendered":"https:\/\/haarschneiderfranz.at\/shop\/?page_id=401"},"modified":"2020-04-10T21:08:44","modified_gmt":"2020-04-10T19:08:44","slug":"info","status":"publish","type":"page","link":"https:\/\/haarschneiderfranz.at\/shop\/info\/","title":{"rendered":"Info"},"content":{"rendered":"\n<p>Liebe Kundinnen, liebe Kunden,<\/p>\n\n\n\n<p>wir haben uns entschieden unsere\nProdukte online anzubieten, weil sie eine ganz besondere Sammlung sind.<\/p>\n\n\n\n<p>Produkte, die unseren strengen Kriterien gen\u00fcgen, um unsere Kunden im Daily Business auf vielerlei Ebenen zufriedenzustellen.<\/p>\n\n\n\n<p>Mit <a href=\"https:\/\/haarschneiderfranz.at\/shop\/produkte\/?swoof=1&amp;pa_brand=less-is-more\">Less is More<\/a> haben wir in Wien unseren perfekten Partner mit absolut kompromissloser Bio-Haarkosmetik gefunden. Produkte, die auch in der Salonanwendung \u00fcberzeugen ohne Abstriche machen zu m\u00fcssen und mit dem beruhigenden Wissen um extrem kurze Lieferwege.<\/p>\n\n\n\n<p>Mit <a href=\"https:\/\/haarschneiderfranz.at\/shop\/produkte\/?swoof=1&amp;pa_brand=davines\">Davines<\/a>, unserer neuen Brand im Bereich Haarfarbe, Pflege und Styling, haben wir einen Lieferanten gefunden, der absolut strenge Kriterien in Sachen Nachhaltigkeit an seine Produktionskette anlegt.<\/p>\n\n\n\n<p>Enge Zusammenarbeit mit Slow Food Italien und eine Vielzahl an Zero Waste (CO2 Neutral) Produkten geben uns ein gutes Gef\u00fchl. Die Anwendung im eigenen Salon und der enge Kontakt mit der Produktion bringen den maximalen Output f\u00fcr unsere Kunden. <\/p>\n\n\n\n<p><a href=\"https:\/\/haarschneiderfranz.at\/shop\/produkte\/?swoof=1&amp;pa_brand=achselkuss\">Achselkuss<\/a>, die nat\u00fcrliche biologische Deocreme, verzichtet auf synthetische Duft- und Konservierungsstoffe, Erd\u00f6lprodukte, Parabene, Silikone, Palmfett oder Aluminiumsalze. Die perfekte Erg\u00e4nzung f\u00fcr unser Sortiment, weil gut ausschauen alleine nicht immer reicht \ud83d\ude09<\/p>\n\n\n\n<p>Viel Spa\u00df <a href=\"https:\/\/haarschneiderfranz.at\/shop\/produkte\/\">beim St\u00f6bern<\/a>.<\/p>\n\n\n\n<p>Franz<\/p>\n","protected":false},"excerpt":{"rendered":"<p>Liebe Kundinnen, liebe Kunden, wir haben uns entschieden unsere Produkte online anzubieten, weil sie eine ganz besondere Sammlung sind. Produkte, die unseren strengen Kriterien gen\u00fcgen, um unsere Kunden im Daily Business auf vielerlei Ebenen zufriedenzustellen. Mit Less is More haben wir in Wien unseren perfekten Partner mit absolut kompromissloser Bio-Haarkosmetik gefunden. Produkte, die auch in [&hellip;]<\/p>\n","protected":false},"author":1,"featured_media":0,"parent":0,"menu_order":0,"comment_status":"closed","ping_status":"closed","template":"template-fullwidth.php","meta":{"spay_email":"","footnotes":""},"class_list":["post-401","page","type-page","status-publish","hentry"],"_links":{"self":[{"href":"https:\/\/haarschneiderfranz.at\/shop\/wp-json\/wp\/v2\/pages\/401","targetHints":{"allow":["GET"]}}],"collection":[{"href":"https:\/\/haarschneiderfranz.at\/shop\/wp-json\/wp\/v2\/pages"}],"about":[{"href":"https:\/\/haarschneiderfranz.at\/shop\/wp-json\/wp\/v2\/types\/page"}],"author":[{"embeddable":true,"href":"https:\/\/haarschneiderfranz.at\/shop\/wp-json\/wp\/v2\/users\/1"}],"replies":[{"embeddable":true,"href":"https:\/\/haarschneiderfranz.at\/shop\/wp-json\/wp\/v2\/comments?post=401"}],"version-history":[{"count":2,"href":"https:\/\/haarschneiderfranz.at\/shop\/wp-json\/wp\/v2\/pages\/401\/revisions"}],"predecessor-version":[{"id":403,"href":"https:\/\/haarschneiderfranz.at\/shop\/wp-json\/wp\/v2\/pages\/401\/revisions\/403"}],"wp:attachment":[{"href":"https:\/\/haarschneiderfranz.at\/shop\/wp-json\/wp\/v2\/media?parent=401"}],"curies":[{"name":"wp","href":"https:\/\/api.w.org\/{rel}","templated":true}]}}